{"id":56743,"date":"2021-12-28T12:07:14","date_gmt":"2021-12-28T12:07:14","guid":{"rendered":"https:\/\/archiwa.gov.pl\/?page_id=56743"},"modified":"2025-11-28T13:37:50","modified_gmt":"2025-11-28T13:37:50","slug":"%d0%b4%d0%be%d0%bc%d0%b0%d1%88%d0%bd%d1%8f%d1%8f-%d1%81%d1%82%d1%80%d0%b0%d0%bd%d0%b8%d1%86%d0%b0","status":"publish","type":"page","link":"https:\/\/archiwa.gov.pl\/be\/","title":{"rendered":"\u0414\u043e\u043c\u0430\u0448\u043d\u044f\u044f \u0441\u0442\u0440\u0430\u043d\u0438\u0446\u0430"},"content":{"rendered":"<div class=\"banner\">\r\n<div id=\"carouselExampleControls\" class=\"carousel slide\" data-interval=\"5000\" data-touch=\"true\" data-ride=\"carousel\">\r\n\r\n  <div class=\"container banner_con\">\r\n  <ul class=\"carousel-indicators\">\r\n                  <li data-target=\"#carouselExampleControls\" tabindex=\"0\"  data-slide-to=\"0\"  class=\"active\"  > <span class=\"sr_only\">Slajd numer 0<\/span><\/li>\r\n                   <li data-target=\"#carouselExampleControls\" tabindex=\"0\"  data-slide-to=\"1\"  > <span class=\"sr_only\">Slajd numer 1<\/span><\/li>\r\n    \r\n   <\/ul>\r\n\t<\/div>\r\n   \r\n\t  \r\n\r\n  \r\n  <div class=\"carousel-inner\">\r\n\r\n        <!-- The slideshow -->\r\n        \r\n          <div class=\"carousel-item banner_bg  active \">\r\n          <div class=\"container banner_text\">\r\n          <div class=\"row\">\r\n      <div class=\"col-xl-5 col-lg-12 col-md-12 col-sm-12 col-xs-12\"> \r\n      <div class=\"banner_text_all\">\r\n                               <h2>Panorama Z\u0105bkowic \u015al\u0105skich<\/h2>\r\n                                                <h2>Z 1858 r, Po Po\u017carze Miasta<\/h2>\r\n                                    \r\n     <div class=\"banner_text_con\">Lorem ipsum dolor sit amet, consectetur adipiscing elit, sed do eiusmod tempor incididunt ut labore et&#8230;<\/div>\r\n      \r\n \r\n      <a href=\"https:\/\/google.com\" class=\"banner_btn\" rel=\"nofollow noopener\" target=\"_blank\">Czytaj wi\u0119cej<span class=\"sr-only\">Panorama Z\u0105bkowic \u015al\u0105skich<\/span><\/a>\r\n            <\/div>\r\n                <\/div>\r\n      <div class=\"col-xl-7 col-lg-12 col-md-12 col-sm-12 col-xs-12\">\r\n      <div class=\"banner_top_right\"><img decoding=\"async\" src=\"https:\/\/archiwa.gov.pl\/wp-content\/themes\/archiva\/images\/top_right.png\" alt=\"\"><\/div>\r\n        <div class=\"banner_img slider\">\r\n        <img decoding=\"async\" src=\"https:\/\/archiwa.gov.pl\/wp-content\/uploads\/2021\/12\/banner1-870x420.jpg\" alt=\"Dziewi\u0119\u0107 doros\u0142ych os\u00f3b w maskach na twarzach i formalnych strojach stoi w rz\u0119dzie do zdj\u0119cia. Za nimi znajduj\u0105 si\u0119 banery Archiwa Pa\u0144stwowe i logo organizacji wskazuj\u0105ce na oficjalne wydarzenie lub spotkanie w Archiwum Pa\u0144stwowym.\" class=\"slider_img\">\r\n\t\t <div class=\"bannre_bot_left\"> <img decoding=\"async\" src=\"https:\/\/archiwa.gov.pl\/wp-content\/themes\/archiva\/images\/bot_left.png\" alt=\"\"><\/div>\t\r\n        <\/div>\r\n\t\t  \r\n\r\n\t\t  \r\n        \r\n      <\/div>\r\n\r\n                <\/div> \r\n          <\/div>\r\n          <\/div>\r\n\r\n    \r\n          <div class=\"carousel-item banner_bg \">\r\n          <div class=\"container banner_text\">\r\n          <div class=\"row\">\r\n      <div class=\"col-xl-5 col-lg-12 col-md-12 col-sm-12 col-xs-12\"> \r\n      <div class=\"banner_text_all\">\r\n                               <h2>Panorama Z\u0105bkowic \u015al\u0105skich<\/h2>\r\n                                                <h2>M 1858 r, Po Po\u017carze Miasta<\/h2>\r\n                                    \r\n     <div class=\"banner_text_con\">Lorem ipsum dolor sit amet, consectetur adipiscing elit, sed do eiusmod tempor incididunt ut labore et&#8230;<\/div>\r\n            <\/div>\r\n                <\/div>\r\n      <div class=\"col-xl-7 col-lg-12 col-md-12 col-sm-12 col-xs-12\">\r\n      <div class=\"banner_top_right\"><img decoding=\"async\" src=\"https:\/\/archiwa.gov.pl\/wp-content\/themes\/archiva\/images\/top_right.png\" alt=\"\"><\/div>\r\n        <div class=\"banner_img slider\">\r\n        <img decoding=\"async\" src=\"https:\/\/archiwa.gov.pl\/wp-content\/uploads\/2021\/12\/banner1-870x420.jpg\" alt=\"Dziewi\u0119\u0107 doros\u0142ych os\u00f3b w maskach na twarzach i formalnych strojach stoi w rz\u0119dzie do zdj\u0119cia. Za nimi znajduj\u0105 si\u0119 banery Archiwa Pa\u0144stwowe i logo organizacji wskazuj\u0105ce na oficjalne wydarzenie lub spotkanie w Archiwum Pa\u0144stwowym.\" class=\"slider_img\">\r\n\t\t <div class=\"bannre_bot_left\"> <img decoding=\"async\" src=\"https:\/\/archiwa.gov.pl\/wp-content\/themes\/archiva\/images\/bot_left.png\" alt=\"\"><\/div>\t\r\n        <\/div>\r\n\t\t  \r\n\r\n\t\t  \r\n        \r\n      <\/div>\r\n\r\n                <\/div> \r\n          <\/div>\r\n          <\/div>\r\n\r\n      <\/div>\r\n\r\n    <div class=\"container banner_control\">\r\n      \r\n            <div class=\"control no_co\">\r\n\t\t\t\t<ul>\r\n\t\t\t\t<li> \t\r\n\t\t\t\t<a href=\"#carouselExampleControls\"  class=\"slidenavbutton\"   data-slide=\"prev\">\r\n             \r\n                  <div id=\"back\"><\/div><span class=\"sr-only\">Poprzedni slajd<\/span>\r\n               <\/a><\/li>\r\n               <li> <a href=\"javascript:void(0)\"  class=\"pause slidenavbutton\"  >\r\n             \r\n                <div id=\"pause1\"> <img decoding=\"async\" src=\"https:\/\/archiwa.gov.pl\/wp-content\/themes\/archiva\/images\/play_red.svg\" id=\"carouselimgpause\" alt=\"Zatrzymaj slajder\"> <\/div>\r\n             <\/a> <\/li>\r\n             <li>  <a href=\"#carouselExampleControls\" class=\"slidenavbutton\"   data-slide=\"next\">\r\n             \r\n              <div id=\"next\"><\/div><span class=\"sr-only\">Nast\u0119pny slajd<\/span>\r\n              <\/a><\/li>\r\n\t\t\t<\/ul>\r\n            <\/div>\r\n\r\n  <\/div>\r\n  \r\n<\/div>\t\r\n<\/div>\r\n\r\n\r\n<div class=\"banner_bot_sec\">\r\n<div class=\"button_sec\">\r\n<div class=\"container\">\r\n<ul class=\"row\">\r\n<li class=\"col-xl-4 col-lg-4 col-md-12 col-sm-12 col-xs-12\">\r\n  <a href=\"\" class=\"button_bg1\">\r\n\r\n<div class=\"read_more\">Szukaj<\/div>\r\n<div class=\"read_more_img\"><img decoding=\"async\" src=\"https:\/\/archiwa.gov.pl\/wp-content\/themes\/archiva\/images\/but_more.png\"  alt=\"\"><\/div>\r\n<div class=\"clr\"><\/div><\/a>\r\n<\/li>\r\n<li class=\"col-xl-4 col-lg-4 col-md-12 col-sm-12 col-xs-12\">\r\n<a href=\"\" class=\"button_bg2\">\r\n<div class=\"read_more\">Poznaj<\/div>\r\n<div class=\"read_more_img\"><img decoding=\"async\" src=\"https:\/\/archiwa.gov.pl\/wp-content\/themes\/archiva\/images\/but_more.png\" alt=\"\"><\/div>\r\n<\/a>\r\n<\/li>\r\n<li class=\"col-xl-4 col-lg-4 col-md-12 col-sm-12 col-xs-12\">\r\n<a href=\"\"  class=\"button_bg3\">\r\n\r\n<div class=\"read_more\">Przeka\u017c<\/div>\r\n<div class=\"read_more_img\"><img decoding=\"async\" src=\"https:\/\/archiwa.gov.pl\/wp-content\/themes\/archiva\/images\/but_more.png\" alt=\"\"><\/div>\r\n<\/a>\r\n<\/li>\r\n<\/ul>\r\n<\/div>\r\n<\/div>\r\n<\/div>\n\n\r\n<div class=\"\">\r\n\r\n    <div class=\"archives_sec\">\r\n    <div class=\"container\">\r\n    <div class=\"row\">\r\n    <div class=\"col-xl-4 col-lg-6 col-md-12 col-sm-12 col-xs-12\">\r\n    <div class=\"archives_sec_text\">\r\n    <h2>Nasze Archiwa<\/h2>\r\n    Archiwa Panstwowe to siec skladajaca sie z 3 archiw\u00f3w o charakterze centralnym z siedziba w Warszawie (Archiwum Gl\u00f3wne Akt Dawnych, Archiwum Akt Nowych i Narodowe Archiwum Cyfrowe) oraz 30 archiw\u00f3w wraz z podlegajacymi im 39 oddzialami zamiejscowymi i 3 ekspozyturami zlokalizowanymi w calej Polsce.    <br><br><br>\r\n        <a href=\"https:\/\/archiwa.gov.pl\/o-nas\/archiwa-panstwowe\/siec-archiwow\/\" class=\"btn_more\" id=\"tabnext\" title=\"Nasze Archiwa\">\r\n   Przejd\u017a do mapy<\/a>\r\n        <\/div>\r\n    <\/div>\r\n\r\n    <div class=\"col-xl-8 col-lg-6 col-md-12 col-sm-12 col-xs-12\"><a href=\"https:\/\/archiwa.gov.pl\/o-nas\/archiwa-panstwowe\/siec-archiwow\/\" tabindex=\"-1\">\r\n    <img decoding=\"async\" src=\"https:\/\/archiwa.gov.pl\/wp-content\/uploads\/2021\/12\/map.jpg\" class=\"map_img\" alt=\"Mapa rozmieszczenia Archiw\u00f3w Pa\u0144stwowych\"><\/a>\r\n    <\/div>\r\n    <\/div>\r\n    <\/div>\r\n    <\/div>\r\n    \r\n<\/div>\n\n<div class=\"\">\r\n<div class=\"project_sec\">\r\n<div class=\"container\">\r\n<div class=\"row\">\r\n        <div class=\"col-xl-12 center\">\r\n        <h2>Projekty<\/h2>\r\n                <a href=\"https:\/\/archiwa.gov.pl\/poznaj\/projekt-ade\/\" tabindex=\"-1\">\r\n        <button class=\"btn_more pro_btn\" type=\"button\" title=\"Projekty\">\u041f\u043e\u0434\u0440\u043e\u0431\u043d\u0435\u0435 <\/button><\/a>\r\n                <\/div>\r\n\r\n\r\n                            \r\n                    \r\n\r\n           \r\n\r\n            <div class=\"col-xl-4 col-lg-4 col-md-12 col-sm-12 col-xs-12 project\">\r\n            <a href=\"https:\/\/archiwa.gov.pl\/poznaj\/projekt-ade\/archiwum-pandemii\/\">\r\n                <div class=\"project_box\">\r\n                    <div class=\"project_img\"><img decoding=\"async\" src=\"https:\/\/archiwa.gov.pl\/wp-content\/uploads\/2021\/12\/img1-543x177.jpg\"  class=\"left_img\" alt=\"\"><\/div>\r\n                        <div class=\"project_box_text\">\r\n                            <div class=\"project_box_icon\"><img decoding=\"async\" src=\"https:\/\/archiwa.gov.pl\/wp-content\/uploads\/2022\/02\/ic1.svg\" alt=\"\"><\/div>\r\n                                <div class=\"pro_text\">  \r\n\r\n                                    <h3>Archiwum pandemii<\/h3>\r\n                                    Ka\u017cdego dnia wszyscy tworzymy histori\u0119.                                <\/div>\r\n                        <\/div>\r\n                       \r\n                    <div class=\"project_more\"> wi\u0119cej <img decoding=\"async\" src=\"https:\/\/archiwa.gov.pl\/wp-content\/themes\/archiva\/images\/but_more1.png\" alt=\"\"><\/div>\r\n\r\n                <\/div><\/a>\r\n            <\/div>\r\n\r\n                                \r\n                    \r\n\r\n           \r\n\r\n            <div class=\"col-xl-4 col-lg-4 col-md-12 col-sm-12 col-xs-12 project\">\r\n            <a href=\"https:\/\/archiwa.gov.pl\/poznaj\/projekt-ade\/inwestycje\/\">\r\n                <div class=\"project_box\">\r\n                    <div class=\"project_img\"><img decoding=\"async\" src=\"https:\/\/archiwa.gov.pl\/wp-content\/uploads\/2021\/12\/img2-543x177.jpg\"  class=\"left_img1\" alt=\"\"><\/div>\r\n                        <div class=\"project_box_text\">\r\n                            <div class=\"project_box_icon\"><img decoding=\"async\" src=\"https:\/\/archiwa.gov.pl\/wp-content\/uploads\/2022\/02\/ic1.svg\" alt=\"\"><\/div>\r\n                                <div class=\"pro_text\">  \r\n\r\n                                    <h3>Inwestycje<\/h3>\r\n                                    Przegl\u0105d inwestycji budowlanych.                                <\/div>\r\n                        <\/div>\r\n                       \r\n                    <div class=\"project_more\"> wi\u0119cej <img decoding=\"async\" src=\"https:\/\/archiwa.gov.pl\/wp-content\/themes\/archiva\/images\/but_more1.png\" alt=\"\"><\/div>\r\n\r\n                <\/div><\/a>\r\n            <\/div>\r\n\r\n                                \r\n                    \r\n\r\n           \r\n\r\n            <div class=\"col-xl-4 col-lg-4 col-md-12 col-sm-12 col-xs-12 project\">\r\n            <a href=\"https:\/\/archiwa.gov.pl\/poznaj\/projekt-ade\/unesco\/\">\r\n                <div class=\"project_box\">\r\n                    <div class=\"project_img\"><img decoding=\"async\" src=\"https:\/\/archiwa.gov.pl\/wp-content\/uploads\/2021\/12\/img3-543x177.jpg\"  class=\"right_img\" alt=\"\"><\/div>\r\n                        <div class=\"project_box_text\">\r\n                            <div class=\"project_box_icon\"><img decoding=\"async\" src=\"https:\/\/archiwa.gov.pl\/wp-content\/uploads\/2022\/02\/ic1.svg\" alt=\"\"><\/div>\r\n                                <div class=\"pro_text\">  \r\n\r\n                                    <h3>Pami\u0119\u0107 \u015bwiata UNESCO<\/h3>\r\n                                    Polska Lista Krajowa Programu UNESCO \u201ePami\u0119\u0107 \u015awiata\u201d.                                <\/div>\r\n                        <\/div>\r\n                       \r\n                    <div class=\"project_more\"> wi\u0119cej <img decoding=\"async\" src=\"https:\/\/archiwa.gov.pl\/wp-content\/themes\/archiva\/images\/but_more1.png\" alt=\"\"><\/div>\r\n\r\n                <\/div><\/a>\r\n            <\/div>\r\n\r\n            \r\n\r\n\r\n<\/div>\r\n<\/div>\r\n<\/div>\r\n\r\n<\/div>\r\n\r\n\r\n               ","protected":false},"excerpt":{"rendered":"","protected":false},"author":1,"featured_media":99,"parent":0,"menu_order":1,"comment_status":"closed","ping_status":"closed","template":"page-templates\/template-home-page.php","meta":{"_acf_changed":false,"inline_featured_image":false,"footnotes":"","_links_to":"","_links_to_target":""},"class_list":["post-56743","page","type-page","status-publish","has-post-thumbnail","hentry"],"acf":[],"_links":{"self":[{"href":"https:\/\/archiwa.gov.pl\/be\/wp-json\/wp\/v2\/pages\/56743","targetHints":{"allow":["GET"]}}],"collection":[{"href":"https:\/\/archiwa.gov.pl\/be\/wp-json\/wp\/v2\/pages"}],"about":[{"href":"https:\/\/archiwa.gov.pl\/be\/wp-json\/wp\/v2\/types\/page"}],"author":[{"embeddable":true,"href":"https:\/\/archiwa.gov.pl\/be\/wp-json\/wp\/v2\/users\/1"}],"replies":[{"embeddable":true,"href":"https:\/\/archiwa.gov.pl\/be\/wp-json\/wp\/v2\/comments?post=56743"}],"version-history":[{"count":1,"href":"https:\/\/archiwa.gov.pl\/be\/wp-json\/wp\/v2\/pages\/56743\/revisions"}],"predecessor-version":[{"id":56744,"href":"https:\/\/archiwa.gov.pl\/be\/wp-json\/wp\/v2\/pages\/56743\/revisions\/56744"}],"wp:featuredmedia":[{"embeddable":true,"href":"https:\/\/archiwa.gov.pl\/be\/wp-json\/wp\/v2\/media\/99"}],"wp:attachment":[{"href":"https:\/\/archiwa.gov.pl\/be\/wp-json\/wp\/v2\/media?parent=56743"}],"curies":[{"name":"wp","href":"https:\/\/api.w.org\/{rel}","templated":true}]}}